{"id":97,"date":"2026-03-16T10:54:51","date_gmt":"2026-03-16T09:54:51","guid":{"rendered":"https:\/\/tworootstheatre.org\/?page_id=97"},"modified":"2026-04-20T10:37:25","modified_gmt":"2026-04-20T08:37:25","slug":"contact","status":"publish","type":"page","link":"https:\/\/tworootstheatre.org\/es\/contact\/","title":{"rendered":"Contacto"},"content":{"rendered":"<div data-elementor-type=\"wp-page\" data-elementor-id=\"97\" class=\"elementor elementor-97\" data-elementor-post-type=\"page\">\n\t\t\t\t<div class=\"elementor-element elementor-element-1a35e03 e-con-full e-flex e-con e-parent\" data-id=\"1a35e03\" data-element_type=\"container\" data-e-type=\"container\" data-settings=\"{&quot;background_background&quot;:&quot;video&quot;,&quot;background_video_link&quot;:&quot;https:\\\/\\\/tworootstheatre.org\\\/wp-content\\\/uploads\\\/2026\\\/03\\\/contactpage-tworoots.mp4&quot;,&quot;background_play_on_mobile&quot;:&quot;yes&quot;}\">\n\t\t<div class=\"elementor-background-video-container\">\n\t\t\t\t\t\t\t<video class=\"elementor-background-video-hosted\" role=\"presentation\" autoplay muted playsinline loop><\/video>\n\t\t\t\t\t<\/div>\t\t<div class=\"elementor-element elementor-element-e3d9990 animated-slow elementor-invisible elementor-widget elementor-widget-image\" data-id=\"e3d9990\" data-element_type=\"widget\" data-e-type=\"widget\" data-settings=\"{&quot;_animation&quot;:&quot;fadeInUp&quot;,&quot;_animation_delay&quot;:2200}\" data-widget_type=\"image.default\">\n\t\t\t\t\t\t\t\t\t\t\t\t\t\t\t<img fetchpriority=\"high\" decoding=\"async\" width=\"800\" height=\"336\" src=\"https:\/\/tworootstheatre.org\/wp-content\/uploads\/2026\/03\/TwoRootsTheatre_Primary_Off-White-1024x430.png\" class=\"attachment-large size-large wp-image-129\" alt=\"TwoRootsTheatre_Primary_Off-White\" srcset=\"https:\/\/tworootstheatre.org\/wp-content\/uploads\/2026\/03\/TwoRootsTheatre_Primary_Off-White-1024x430.png 1024w, https:\/\/tworootstheatre.org\/wp-content\/uploads\/2026\/03\/TwoRootsTheatre_Primary_Off-White-600x252.png 600w, https:\/\/tworootstheatre.org\/wp-content\/uploads\/2026\/03\/TwoRootsTheatre_Primary_Off-White-300x126.png 300w, https:\/\/tworootstheatre.org\/wp-content\/uploads\/2026\/03\/TwoRootsTheatre_Primary_Off-White-768x323.png 768w, https:\/\/tworootstheatre.org\/wp-content\/uploads\/2026\/03\/TwoRootsTheatre_Primary_Off-White-1536x646.png 1536w, https:\/\/tworootstheatre.org\/wp-content\/uploads\/2026\/03\/TwoRootsTheatre_Primary_Off-White-2048x861.png 2048w\" sizes=\"(max-width: 800px) 100vw, 800px\" \/>\t\t\t\t\t\t\t\t\t\t\t\t\t\t\t<\/div>\n\t\t\t\t<\/div>\n\t\t<div class=\"elementor-element elementor-element-53509d4 animated-slow e-flex e-con-boxed elementor-invisible e-con e-parent\" data-id=\"53509d4\" data-element_type=\"container\" data-e-type=\"container\" data-settings=\"{&quot;background_background&quot;:&quot;classic&quot;,&quot;animation&quot;:&quot;fadeInUp&quot;,&quot;animation_delay&quot;:3500}\">\n\t\t\t\t\t<div class=\"e-con-inner\">\n\t\t\t\t<div class=\"elementor-element elementor-element-7225413 elementor-widget elementor-widget-heading\" data-id=\"7225413\" data-element_type=\"widget\" data-e-type=\"widget\" data-widget_type=\"heading.default\">\n\t\t\t\t\t<h2 class=\"elementor-heading-title elementor-size-default\">Nos encantar\u00eda saber de ti, ya sea que est\u00e9s interesado en una funci\u00f3n, un taller o una colaboraci\u00f3n.<\/h2>\t\t\t\t<\/div>\n\t\t\t\t\t<\/div>\n\t\t\t\t<\/div>\n\t\t<div class=\"elementor-element elementor-element-7429155b e-flex e-con-boxed e-con e-parent\" data-id=\"7429155b\" data-element_type=\"container\" data-e-type=\"container\" data-settings=\"{&quot;background_background&quot;:&quot;gradient&quot;}\">\n\t\t\t\t\t<div class=\"e-con-inner\">\n\t\t<div class=\"elementor-element elementor-element-1e34ed54 e-con-full e-flex e-con e-child\" data-id=\"1e34ed54\" data-element_type=\"container\" data-e-type=\"container\">\n\t\t\t\t<div class=\"elementor-element elementor-element-26d3bb3 elementor-widget elementor-widget-heading\" data-id=\"26d3bb3\" data-element_type=\"widget\" data-e-type=\"widget\" data-widget_type=\"heading.default\">\n\t\t\t\t\t<h2 class=\"elementor-heading-title elementor-size-default\">Ponte en contacto<\/h2>\t\t\t\t<\/div>\n\t\t\t\t<div class=\"elementor-element elementor-element-23b6d05 elementor-widget elementor-widget-text-editor\" data-id=\"23b6d05\" data-element_type=\"widget\" data-e-type=\"widget\" data-widget_type=\"text-editor.default\">\n\t\t\t\t\t\t\t\t\t<p style=\"text-align: center;\"><span style=\"color: #ffffff;\"><a style=\"color: #ffffff;\" href=\"https:\/\/wa.me\/34614828905?text=Hello%20Two%20Roots%20Theatre!%20I%E2%80%99d%20like%20more%20information.\" target=\"_blank\" rel=\"noopener\">+34 614 828 905<\/a><\/span><\/p><p style=\"text-align: center;\"><span style=\"color: #ffffff;\"><a style=\"color: #ffffff;\" href=\"mailto:info@tworootstheatre.org\">info@tworootstheatre.org<\/a><\/span><\/p>\t\t\t\t\t\t\t\t<\/div>\n\t\t\t\t<\/div>\n\t\t<div class=\"elementor-element elementor-element-358411a6 e-con-full e-flex e-con e-child\" data-id=\"358411a6\" data-element_type=\"container\" data-e-type=\"container\">\n\t\t\t\t<div class=\"elementor-element elementor-element-125e0c27 elementor-widget elementor-widget-icon-box\" data-id=\"125e0c27\" data-element_type=\"widget\" data-e-type=\"widget\" data-widget_type=\"icon-box.default\">\n\t\t\t\t\t\t\t<div class=\"elementor-icon-box-wrapper\">\n\n\t\t\t\n\t\t\t\t\t\t<div class=\"elementor-icon-box-content\">\n\n\t\t\t\t\t\t\t\t\t<h3 class=\"elementor-icon-box-title\">\n\t\t\t\t\t\t<span  >\n\t\t\t\t\t\t\tUbicaci\u00f3n\t\t\t\t\t\t<\/span>\n\t\t\t\t\t<\/h3>\n\t\t\t\t\n\t\t\t\t\t\t\t\t\t<p class=\"elementor-icon-box-description\">\n\t\t\t\t\t\tGranada \u00b7 Costa Tropical \u00b7 Espa\u00f1a <br>\n\t\t\t\t\t<\/p>\n\t\t\t\t\n\t\t\t<\/div>\n\t\t\t\n\t\t<\/div>\n\t\t\t\t\t\t<\/div>\n\t\t\t\t<\/div>\n\t\t\t\t\t<\/div>\n\t\t\t\t<\/div>\n\t\t<div class=\"elementor-element elementor-element-6140538 e-flex e-con-boxed e-con e-parent\" data-id=\"6140538\" data-element_type=\"container\" data-e-type=\"container\" data-settings=\"{&quot;background_background&quot;:&quot;classic&quot;}\">\n\t\t\t\t\t<div class=\"e-con-inner\">\n\t\t\t\t<div class=\"elementor-element elementor-element-7bcebde elementor-widget elementor-widget-heading\" data-id=\"7bcebde\" data-element_type=\"widget\" data-e-type=\"widget\" data-widget_type=\"heading.default\">\n\t\t\t\t\t<h2 class=\"elementor-heading-title elementor-size-default\">Apoya a Two Roots<\/h2>\t\t\t\t<\/div>\n\t\t\t\t<div class=\"elementor-element elementor-element-52706d5 elementor-widget elementor-widget-heading\" data-id=\"52706d5\" data-element_type=\"widget\" data-e-type=\"widget\" data-widget_type=\"heading.default\">\n\t\t\t\t\t<h2 class=\"elementor-heading-title elementor-size-default\">Ay\u00fadanos a seguir creando teatro, construyendo comunidad y desarrollando nuevos proyectos.<\/h2>\t\t\t\t<\/div>\n\t\t\t\t\t<\/div>\n\t\t\t\t<\/div>\n\t\t<div class=\"elementor-element elementor-element-ac709e1 e-flex e-con-boxed e-con e-parent\" data-id=\"ac709e1\" data-element_type=\"container\" data-e-type=\"container\" data-settings=\"{&quot;background_background&quot;:&quot;classic&quot;}\">\n\t\t\t\t\t<div class=\"e-con-inner\">\n\t\t<div class=\"elementor-element elementor-element-37e90e0 e-con-full e-flex e-con e-child\" data-id=\"37e90e0\" data-element_type=\"container\" data-e-type=\"container\">\n\t\t\t\t<div class=\"elementor-element elementor-element-da466df elementor-widget elementor-widget-heading\" data-id=\"da466df\" data-element_type=\"widget\" data-e-type=\"widget\" data-widget_type=\"heading.default\">\n\t\t\t\t\t<h2 class=\"elementor-heading-title elementor-size-default\">Donaci\u00f3n \u00fanica<\/h2>\t\t\t\t<\/div>\n\t\t\t\t<div class=\"elementor-element elementor-element-bf253e4 elementor-widget elementor-widget-heading\" data-id=\"bf253e4\" data-element_type=\"widget\" data-e-type=\"widget\" data-widget_type=\"heading.default\">\n\t\t\t\t\t<h2 class=\"elementor-heading-title elementor-size-default\">Haz una contribuci\u00f3n \u00fanica de cualquier importe.\n<\/h2>\t\t\t\t<\/div>\n\t\t<div class=\"elementor-element elementor-element-6f701b4 e-con-full e-flex e-con e-child\" data-id=\"6f701b4\" data-element_type=\"container\" data-e-type=\"container\">\n\t\t\t\t<div class=\"elementor-element elementor-element-8e1cb9d elementor-widget elementor-widget-html\" data-id=\"8e1cb9d\" data-element_type=\"widget\" data-e-type=\"widget\" data-widget_type=\"html.default\">\n\t\t\t\t\t<script async\n  src=\"https:\/\/js.stripe.com\/v3\/buy-button.js\">\n<\/script>\n\n<stripe-buy-button\n  buy-button-id=\"buy_btn_1TM2SgC9YwYUyS3IMgJQ9sId\"\n  publishable-key=\"pk_live_51TFCG4C9YwYUyS3ICeva5gARU1SgtoDsZZaPTonM8tVBo8uaQZLD9Ww7UsI2jrSf9gCzWBEP5SKt7rNAnTmBwzes00oUsZBiz4\"\n>\n<\/stripe-buy-button>\t\t\t\t<\/div>\n\t\t\t\t<\/div>\n\t\t\t\t<\/div>\n\t\t<div class=\"elementor-element elementor-element-d70a6f6 e-con-full e-flex e-con e-child\" data-id=\"d70a6f6\" data-element_type=\"container\" data-e-type=\"container\">\n\t\t\t\t<div class=\"elementor-element elementor-element-272a71a elementor-widget elementor-widget-heading\" data-id=\"272a71a\" data-element_type=\"widget\" data-e-type=\"widget\" data-widget_type=\"heading.default\">\n\t\t\t\t\t<h2 class=\"elementor-heading-title elementor-size-default\">Apoyo mensual<\/h2>\t\t\t\t<\/div>\n\t\t\t\t<div class=\"elementor-element elementor-element-bfa4940 elementor-widget elementor-widget-heading\" data-id=\"bfa4940\" data-element_type=\"widget\" data-e-type=\"widget\" data-widget_type=\"heading.default\">\n\t\t\t\t\t<h2 class=\"elementor-heading-title elementor-size-default\">Ap\u00f3yanos de forma regular con una contribuci\u00f3n mensual.<\/h2>\t\t\t\t<\/div>\n\t\t<div class=\"elementor-element elementor-element-79f4172 e-con-full e-flex e-con e-child\" data-id=\"79f4172\" data-element_type=\"container\" data-e-type=\"container\">\n\t\t\t\t<div class=\"elementor-element elementor-element-a58c304 elementor-widget elementor-widget-html\" data-id=\"a58c304\" data-element_type=\"widget\" data-e-type=\"widget\" data-widget_type=\"html.default\">\n\t\t\t\t\t<script async\n  src=\"https:\/\/js.stripe.com\/v3\/buy-button.js\">\n<\/script>\n\n<stripe-buy-button\n  buy-button-id=\"buy_btn_1TM2RMC9YwYUyS3Ij6ge103h\"\n  publishable-key=\"pk_live_51TFCG4C9YwYUyS3ICeva5gARU1SgtoDsZZaPTonM8tVBo8uaQZLD9Ww7UsI2jrSf9gCzWBEP5SKt7rNAnTmBwzes00oUsZBiz4\"\n>\n<\/stripe-buy-button> \t\t\t\t<\/div>\n\t\t\t\t<\/div>\n\t\t\t\t<\/div>\n\t\t\t\t\t<\/div>\n\t\t\t\t<\/div>\n\t\t<div class=\"elementor-element elementor-element-4298bbf e-flex e-con-boxed e-con e-parent\" data-id=\"4298bbf\" data-element_type=\"container\" data-e-type=\"container\" data-settings=\"{&quot;background_background&quot;:&quot;classic&quot;}\">\n\t\t\t\t\t<div class=\"e-con-inner\">\n\t\t\t\t<div class=\"elementor-element elementor-element-2abbe31 elementor-widget elementor-widget-html\" data-id=\"2abbe31\" data-element_type=\"widget\" data-e-type=\"widget\" data-widget_type=\"html.default\">\n\t\t\t\t\t<iframe src=\"https:\/\/www.google.com\/maps\/embed?pb=!1m18!1m12!1m3!1d6287724.885264986!2d-7.929362003811221!3d39.69069787817761!2m3!1f0!2f0!3f0!3m2!1i1024!2i768!4f13.1!3m3!1m2!1s0x81b35f710f4d32bf%3A0xe549d61ba456c5ef!2sTwo%20Roots%20Theatre!5e0!3m2!1sen!2ses!4v1776157415483!5m2!1sen!2ses\" width=\"600\" height=\"450\" style=\"border:0;\" allowfullscreen=\"\" loading=\"lazy\" referrerpolicy=\"no-referrer-when-downgrade\"><\/iframe>\t\t\t\t<\/div>\n\t\t\t\t\t<\/div>\n\t\t\t\t<\/div>\n\t\t\t\t<\/div>","protected":false},"excerpt":{"rendered":"<p>We\u2019d love to hear from you \u2014 whether you\u2019re interested in a performance, a workshop, or a collaboration. Get in touch +34 614 828 905 info@tworootstheatre.org Location Granada \u00b7 Costa Tropical \u00b7 Spain Support Two Roots Help us keep making theatre, building community, and growing new work. One-time donation Make a single contribution of any [&hellip;]<\/p>\n","protected":false},"author":2,"featured_media":0,"parent":0,"menu_order":0,"comment_status":"closed","ping_status":"closed","template":"elementor_header_footer","meta":{"_acf_changed":false,"footnotes":""},"class_list":["post-97","page","type-page","status-publish","hentry"],"acf":[],"_links":{"self":[{"href":"https:\/\/tworootstheatre.org\/es\/wp-json\/wp\/v2\/pages\/97","targetHints":{"allow":["GET"]}}],"collection":[{"href":"https:\/\/tworootstheatre.org\/es\/wp-json\/wp\/v2\/pages"}],"about":[{"href":"https:\/\/tworootstheatre.org\/es\/wp-json\/wp\/v2\/types\/page"}],"author":[{"embeddable":true,"href":"https:\/\/tworootstheatre.org\/es\/wp-json\/wp\/v2\/users\/2"}],"replies":[{"embeddable":true,"href":"https:\/\/tworootstheatre.org\/es\/wp-json\/wp\/v2\/comments?post=97"}],"version-history":[{"count":5,"href":"https:\/\/tworootstheatre.org\/es\/wp-json\/wp\/v2\/pages\/97\/revisions"}],"predecessor-version":[{"id":2740,"href":"https:\/\/tworootstheatre.org\/es\/wp-json\/wp\/v2\/pages\/97\/revisions\/2740"}],"wp:attachment":[{"href":"https:\/\/tworootstheatre.org\/es\/wp-json\/wp\/v2\/media?parent=97"}],"curies":[{"name":"wp","href":"https:\/\/api.w.org\/{rel}","templated":true}]}}