{"id":2793,"date":"2026-04-20T13:29:08","date_gmt":"2026-04-20T11:29:08","guid":{"rendered":"https:\/\/tworootstheatre.org\/?page_id=2793"},"modified":"2026-04-20T13:30:25","modified_gmt":"2026-04-20T11:30:25","slug":"terms-conditions","status":"publish","type":"page","link":"https:\/\/tworootstheatre.org\/es\/terms-conditions\/","title":{"rendered":"T\u00c9RMINOS Y CONDICIONES"},"content":{"rendered":"<div data-elementor-type=\"wp-page\" data-elementor-id=\"2793\" class=\"elementor elementor-2793\" data-elementor-post-type=\"page\">\n\t\t\t\t<div class=\"elementor-element elementor-element-280497c9 e-flex e-con-boxed e-con e-parent\" data-id=\"280497c9\" data-element_type=\"container\" data-e-type=\"container\" data-settings=\"{&quot;background_background&quot;:&quot;classic&quot;}\">\n\t\t\t\t\t<div class=\"e-con-inner\">\n\t\t\t\t<div class=\"elementor-element elementor-element-ce84905 elementor-widget elementor-widget-spacer\" data-id=\"ce84905\" data-element_type=\"widget\" data-e-type=\"widget\" data-widget_type=\"spacer.default\">\n\t\t\t\t\t\t\t<div class=\"elementor-spacer\">\n\t\t\t<div class=\"elementor-spacer-inner\"><\/div>\n\t\t<\/div>\n\t\t\t\t\t\t<\/div>\n\t\t\t\t<div class=\"elementor-element elementor-element-6fdb634 elementor-widget elementor-widget-heading\" data-id=\"6fdb634\" data-element_type=\"widget\" data-e-type=\"widget\" data-widget_type=\"heading.default\">\n\t\t\t\t\t<h1 class=\"elementor-heading-title elementor-size-default\">T\u00c9RMINOS Y CONDICIONES<\/h1>\t\t\t\t<\/div>\n\t\t\t\t<div class=\"elementor-element elementor-element-7f7c9f7c elementor-widget elementor-widget-spacer\" data-id=\"7f7c9f7c\" data-element_type=\"widget\" data-e-type=\"widget\" data-widget_type=\"spacer.default\">\n\t\t\t\t\t\t\t<div class=\"elementor-spacer\">\n\t\t\t<div class=\"elementor-spacer-inner\"><\/div>\n\t\t<\/div>\n\t\t\t\t\t\t<\/div>\n\t\t\t\t<div class=\"elementor-element elementor-element-5d8f496b elementor-widget elementor-widget-text-editor\" data-id=\"5d8f496b\" data-element_type=\"widget\" data-e-type=\"widget\" data-widget_type=\"text-editor.default\">\n\t\t\t\t\t\t\t\t\t<p><strong>T\u00c9RMINOS Y CONDICIONES \u2013 Two Roots Theatre<\/strong><\/p><p>Al utilizar este sitio web, aceptas los siguientes t\u00e9rminos:<\/p><p class=\"translation-block\"><strong>Uso del sitio web<\/strong><br>\nEste sitio web proporciona informaci\u00f3n sobre espect\u00e1culos, talleres y actividades relacionadas.<\/p><p class=\"translation-block\"><strong>Entradas y eventos<\/strong><br>\nLas entradas se venden a trav\u00e9s de plataformas de terceros (como TicketTailor).<br>\nTodas las compras, cancelaciones y reembolsos est\u00e1n sujetos a sus t\u00e9rminos y a las condiciones espec\u00edficas de cada evento.<\/p><p class=\"translation-block\"><strong>Cambios en los eventos<\/strong><br>\nTwo Roots Theatre se reserva el derecho de realizar cambios en los horarios, ubicaciones o contenido de los eventos cuando sea necesario.<\/p><p class=\"translation-block\"><strong>Propiedad intelectual<\/strong><br>\nTodo el contenido de este sitio web (textos, im\u00e1genes, marca) pertenece a Two Roots Theatre, salvo que se indique lo contrario.<br>\nNo puede ser copiado ni reutilizado sin autorizaci\u00f3n.<\/p><p class=\"translation-block\"><strong>Enlaces externos<\/strong><br>\nNuestro sitio web puede contener enlaces a sitios web de terceros. No nos hacemos responsables de su contenido ni de sus pol\u00edticas.<\/p><p class=\"translation-block\"><strong>Limitaci\u00f3n de responsabilidad<\/strong><br>\nNos esforzamos por mantener toda la informaci\u00f3n precisa, pero no podemos garantizar que todo el contenido est\u00e9 siempre actualizado.<\/p><p><strong>Contacto<\/strong><br \/>For any questions, please contact:<br \/>info@tworootstheatre.org<\/p>\t\t\t\t\t\t\t\t<\/div>\n\t\t\t\t<div class=\"elementor-element elementor-element-665e8ab4 elementor-widget elementor-widget-image\" data-id=\"665e8ab4\" data-element_type=\"widget\" data-e-type=\"widget\" data-widget_type=\"image.default\">\n\t\t\t\t\t\t\t\t\t\t\t\t\t\t\t<img fetchpriority=\"high\" decoding=\"async\" width=\"2160\" height=\"908\" src=\"https:\/\/tworootstheatre.org\/wp-content\/uploads\/2026\/03\/TwoRootsTheatre_Primary_Off-White.png\" class=\"attachment-full size-full wp-image-129\" alt=\"TwoRootsTheatre_Primary_Off-White\" srcset=\"https:\/\/tworootstheatre.org\/wp-content\/uploads\/2026\/03\/TwoRootsTheatre_Primary_Off-White.png 2160w, https:\/\/tworootstheatre.org\/wp-content\/uploads\/2026\/03\/TwoRootsTheatre_Primary_Off-White-600x252.png 600w, https:\/\/tworootstheatre.org\/wp-content\/uploads\/2026\/03\/TwoRootsTheatre_Primary_Off-White-300x126.png 300w, https:\/\/tworootstheatre.org\/wp-content\/uploads\/2026\/03\/TwoRootsTheatre_Primary_Off-White-1024x430.png 1024w, https:\/\/tworootstheatre.org\/wp-content\/uploads\/2026\/03\/TwoRootsTheatre_Primary_Off-White-768x323.png 768w, https:\/\/tworootstheatre.org\/wp-content\/uploads\/2026\/03\/TwoRootsTheatre_Primary_Off-White-1536x646.png 1536w, https:\/\/tworootstheatre.org\/wp-content\/uploads\/2026\/03\/TwoRootsTheatre_Primary_Off-White-2048x861.png 2048w\" sizes=\"(max-width: 2160px) 100vw, 2160px\" \/>\t\t\t\t\t\t\t\t\t\t\t\t\t\t\t<\/div>\n\t\t\t\t<div class=\"elementor-element elementor-element-2c7d7928 elementor-widget elementor-widget-spacer\" data-id=\"2c7d7928\" data-element_type=\"widget\" data-e-type=\"widget\" data-widget_type=\"spacer.default\">\n\t\t\t\t\t\t\t<div class=\"elementor-spacer\">\n\t\t\t<div class=\"elementor-spacer-inner\"><\/div>\n\t\t<\/div>\n\t\t\t\t\t\t<\/div>\n\t\t\t\t\t<\/div>\n\t\t\t\t<\/div>\n\t\t\t\t<\/div>","protected":false},"excerpt":{"rendered":"<p>TERMS &amp; CONDITIONS Terms &amp; Conditions \u2013 Two Roots Theatre By using this website, you agree to the following terms: Use of the websiteThis website provides information about performances, workshops and related activities. Tickets &amp; eventsTickets are sold via third-party platforms (such as TicketTailor).All purchases, cancellations and refunds are subject to their terms and the [&hellip;]<\/p>\n","protected":false},"author":1,"featured_media":0,"parent":0,"menu_order":0,"comment_status":"closed","ping_status":"closed","template":"elementor_header_footer","meta":{"_acf_changed":false,"footnotes":""},"class_list":["post-2793","page","type-page","status-publish","hentry"],"acf":[],"_links":{"self":[{"href":"https:\/\/tworootstheatre.org\/es\/wp-json\/wp\/v2\/pages\/2793","targetHints":{"allow":["GET"]}}],"collection":[{"href":"https:\/\/tworootstheatre.org\/es\/wp-json\/wp\/v2\/pages"}],"about":[{"href":"https:\/\/tworootstheatre.org\/es\/wp-json\/wp\/v2\/types\/page"}],"author":[{"embeddable":true,"href":"https:\/\/tworootstheatre.org\/es\/wp-json\/wp\/v2\/users\/1"}],"replies":[{"embeddable":true,"href":"https:\/\/tworootstheatre.org\/es\/wp-json\/wp\/v2\/comments?post=2793"}],"version-history":[{"count":5,"href":"https:\/\/tworootstheatre.org\/es\/wp-json\/wp\/v2\/pages\/2793\/revisions"}],"predecessor-version":[{"id":2801,"href":"https:\/\/tworootstheatre.org\/es\/wp-json\/wp\/v2\/pages\/2793\/revisions\/2801"}],"wp:attachment":[{"href":"https:\/\/tworootstheatre.org\/es\/wp-json\/wp\/v2\/media?parent=2793"}],"curies":[{"name":"wp","href":"https:\/\/api.w.org\/{rel}","templated":true}]}}