{"id":2780,"date":"2026-04-20T13:26:46","date_gmt":"2026-04-20T11:26:46","guid":{"rendered":"https:\/\/tworootstheatre.org\/?page_id=2780"},"modified":"2026-04-20T13:28:25","modified_gmt":"2026-04-20T11:28:25","slug":"privacy-policy","status":"publish","type":"page","link":"https:\/\/tworootstheatre.org\/es\/privacy-policy\/","title":{"rendered":"POL\u00cdTICA DE PRIVACIDAD"},"content":{"rendered":"<div data-elementor-type=\"wp-page\" data-elementor-id=\"2780\" class=\"elementor elementor-2780\" data-elementor-post-type=\"page\">\n\t\t\t\t<div class=\"elementor-element elementor-element-30fd3570 e-flex e-con-boxed e-con e-parent\" data-id=\"30fd3570\" data-element_type=\"container\" data-e-type=\"container\" data-settings=\"{&quot;background_background&quot;:&quot;classic&quot;}\">\n\t\t\t\t\t<div class=\"e-con-inner\">\n\t\t\t\t<div class=\"elementor-element elementor-element-7c86e3c0 elementor-widget elementor-widget-spacer\" data-id=\"7c86e3c0\" data-element_type=\"widget\" data-e-type=\"widget\" data-widget_type=\"spacer.default\">\n\t\t\t\t\t\t\t<div class=\"elementor-spacer\">\n\t\t\t<div class=\"elementor-spacer-inner\"><\/div>\n\t\t<\/div>\n\t\t\t\t\t\t<\/div>\n\t\t\t\t<div class=\"elementor-element elementor-element-403b1061 elementor-widget elementor-widget-heading\" data-id=\"403b1061\" data-element_type=\"widget\" data-e-type=\"widget\" data-widget_type=\"heading.default\">\n\t\t\t\t\t<h1 class=\"elementor-heading-title elementor-size-default\">POL\u00cdTICA DE PRIVACIDAD<\/h1>\t\t\t\t<\/div>\n\t\t\t\t<div class=\"elementor-element elementor-element-23682a2c elementor-widget elementor-widget-spacer\" data-id=\"23682a2c\" data-element_type=\"widget\" data-e-type=\"widget\" data-widget_type=\"spacer.default\">\n\t\t\t\t\t\t\t<div class=\"elementor-spacer\">\n\t\t\t<div class=\"elementor-spacer-inner\"><\/div>\n\t\t<\/div>\n\t\t\t\t\t\t<\/div>\n\t\t\t\t<div class=\"elementor-element elementor-element-76130b90 elementor-widget elementor-widget-text-editor\" data-id=\"76130b90\" data-element_type=\"widget\" data-e-type=\"widget\" data-widget_type=\"text-editor.default\">\n\t\t\t\t\t\t\t\t\t<p><strong>POL\u00cdTICA DE PRIVACIDAD \u2013 Two Roots Theatre<\/strong><\/p><p>At Two Roots Theatre, we respect your privacy and are committed to protecting your personal data.<\/p><p class=\"translation-block\"><strong>Qui\u00e9nes somos<\/strong><br>\nTwo Roots Theatre es una compa\u00f1\u00eda internacional de teatro en ingl\u00e9s con sede en Granada, Espa\u00f1a.<\/p><p class=\"translation-block\"><strong>Qu\u00e9 datos recopilamos<\/strong><br>\nPodemos recopilar datos personales como:<\/p><ul><li><p>Nombre<\/p><\/li><li><p>Correo electronico<\/p><\/li><li><p>Cualquier informaci\u00f3n que proporciones a trav\u00e9s de formularios de contacto o al suscribirte al bolet\u00edn<\/p><\/li><\/ul><p class=\"translation-block\"><strong>C\u00f3mo utilizamos tus datos<\/strong><br>\nTus datos se utilizan para:<\/p><ul><li><p>Responder a consultas<\/p><\/li><li><p>Enviar actualizaciones sobre espect\u00e1culos, talleres y eventos (solo si te suscribes)<\/p><\/li><li><p>Mejorar nuestro sitio web y servicios<\/p><\/li><\/ul><p class=\"translation-block\">Compras de entradas\nLas entradas se gestionan a trav\u00e9s de plataformas de terceros como TicketTailor. Los datos de pago se gestionan de forma segura a trav\u00e9s de sus sistemas. No almacenamos tu informaci\u00f3n de pago.<\/p><p><strong>Email marketing<\/strong><br \/>Si te suscribes a nuestro bolet\u00edn, tus datos se gestionan a trav\u00e9s de MailerLite. Puedes darte de baja en cualquier momento mediante el enlace en nuestros correos electr\u00f3nicos.<\/p><p><strong>Cookies<\/strong><br \/>Este sitio web puede utilizar cookies para mejorar la experiencia del usuario y analizar el tr\u00e1fico.<\/p><p><strong>Tus derechos<\/strong><br \/>You have the right to access, modify or delete your personal data.<br \/>Para ello, ponte en contacto con nosotros.<\/p><p class=\"translation-block\">Contacto\nPara cualquier pregunta sobre esta pol\u00edtica, puedes contactarnos en:\ninfo@tworootstheatre.org<\/p>\t\t\t\t\t\t\t\t<\/div>\n\t\t\t\t<div class=\"elementor-element elementor-element-18701cca elementor-widget elementor-widget-image\" data-id=\"18701cca\" data-element_type=\"widget\" data-e-type=\"widget\" data-widget_type=\"image.default\">\n\t\t\t\t\t\t\t\t\t\t\t\t\t\t\t<img fetchpriority=\"high\" decoding=\"async\" width=\"2160\" height=\"908\" src=\"https:\/\/tworootstheatre.org\/wp-content\/uploads\/2026\/03\/TwoRootsTheatre_Primary_Off-White.png\" class=\"attachment-full size-full wp-image-129\" alt=\"TwoRootsTheatre_Primary_Off-White\" srcset=\"https:\/\/tworootstheatre.org\/wp-content\/uploads\/2026\/03\/TwoRootsTheatre_Primary_Off-White.png 2160w, https:\/\/tworootstheatre.org\/wp-content\/uploads\/2026\/03\/TwoRootsTheatre_Primary_Off-White-600x252.png 600w, https:\/\/tworootstheatre.org\/wp-content\/uploads\/2026\/03\/TwoRootsTheatre_Primary_Off-White-300x126.png 300w, https:\/\/tworootstheatre.org\/wp-content\/uploads\/2026\/03\/TwoRootsTheatre_Primary_Off-White-1024x430.png 1024w, https:\/\/tworootstheatre.org\/wp-content\/uploads\/2026\/03\/TwoRootsTheatre_Primary_Off-White-768x323.png 768w, https:\/\/tworootstheatre.org\/wp-content\/uploads\/2026\/03\/TwoRootsTheatre_Primary_Off-White-1536x646.png 1536w, https:\/\/tworootstheatre.org\/wp-content\/uploads\/2026\/03\/TwoRootsTheatre_Primary_Off-White-2048x861.png 2048w\" sizes=\"(max-width: 2160px) 100vw, 2160px\" \/>\t\t\t\t\t\t\t\t\t\t\t\t\t\t\t<\/div>\n\t\t\t\t<div class=\"elementor-element elementor-element-30a1698d elementor-widget elementor-widget-spacer\" data-id=\"30a1698d\" data-element_type=\"widget\" data-e-type=\"widget\" data-widget_type=\"spacer.default\">\n\t\t\t\t\t\t\t<div class=\"elementor-spacer\">\n\t\t\t<div class=\"elementor-spacer-inner\"><\/div>\n\t\t<\/div>\n\t\t\t\t\t\t<\/div>\n\t\t\t\t\t<\/div>\n\t\t\t\t<\/div>\n\t\t\t\t<\/div>","protected":false},"excerpt":{"rendered":"<p>PRIVACY POLICY Privacy Policy \u2013 Two Roots Theatre At Two Roots Theatre, we respect your privacy and are committed to protecting your personal data. Who we areTwo Roots Theatre is an international English-language theatre company based in Granada, Spain. What data we collectWe may collect personal data such as: Name Email address Any information you [&hellip;]<\/p>\n","protected":false},"author":1,"featured_media":0,"parent":0,"menu_order":0,"comment_status":"closed","ping_status":"closed","template":"elementor_header_footer","meta":{"_acf_changed":false,"footnotes":""},"class_list":["post-2780","page","type-page","status-publish","hentry"],"acf":[],"_links":{"self":[{"href":"https:\/\/tworootstheatre.org\/es\/wp-json\/wp\/v2\/pages\/2780","targetHints":{"allow":["GET"]}}],"collection":[{"href":"https:\/\/tworootstheatre.org\/es\/wp-json\/wp\/v2\/pages"}],"about":[{"href":"https:\/\/tworootstheatre.org\/es\/wp-json\/wp\/v2\/types\/page"}],"author":[{"embeddable":true,"href":"https:\/\/tworootstheatre.org\/es\/wp-json\/wp\/v2\/users\/1"}],"replies":[{"embeddable":true,"href":"https:\/\/tworootstheatre.org\/es\/wp-json\/wp\/v2\/comments?post=2780"}],"version-history":[{"count":5,"href":"https:\/\/tworootstheatre.org\/es\/wp-json\/wp\/v2\/pages\/2780\/revisions"}],"predecessor-version":[{"id":2789,"href":"https:\/\/tworootstheatre.org\/es\/wp-json\/wp\/v2\/pages\/2780\/revisions\/2789"}],"wp:attachment":[{"href":"https:\/\/tworootstheatre.org\/es\/wp-json\/wp\/v2\/media?parent=2780"}],"curies":[{"name":"wp","href":"https:\/\/api.w.org\/{rel}","templated":true}]}}